{"id":559,"date":"2022-06-20T12:22:22","date_gmt":"2022-06-20T10:22:22","guid":{"rendered":"https:\/\/edumrm.com\/pl\/?post_type=product&#038;p=559"},"modified":"2022-11-29T00:10:27","modified_gmt":"2022-11-28T23:10:27","slug":"dopigmentowanie-brwi","status":"publish","type":"product","link":"https:\/\/edumrm.com\/pl\/produkt\/dopigmentowanie-brwi\/","title":{"rendered":"Dopigmentowanie brwi"},"content":{"rendered":"<p>Kurs jest w formie Q&amp;A czyli zbi\u00f3r najcz\u0119\u015bciej zadawanych pyta\u0144 przez kursantki.<\/p>\n<ul>\n<li>Czy wykonywa\u0107 rysunek podczas dopigmentowania?<\/li>\n<li>Ile czasu powinno trwa\u0107 dopigmentowanie?<\/li>\n<li>Czy mo\u017cna u\u017cy\u0107 innej mieszanki na dopigmentowaniu ni\u017c przy pierwszej wizycie?<\/li>\n<li>Jak pracowa\u0107 gdy po pierwszej pigmentacji brwi s\u0105 intensywne, a klientka upiera si\u0119 na dopigmentowanie?<\/li>\n<li>Jaki jest najlepszy czas na dopigmentowanie?<\/li>\n<li>Przypadek klientki z nieoczekiwanym wygojeniem. Brwi s\u0105 czerwone, a wybrana mieszanka by\u0142a ch\u0142odna. Co posz\u0142o nie tak i jak temu zaradzi\u0107 podczas dopigmentowania?<\/li>\n<li>Co robi\u0107, gdy brwi maj\u0105 ciemniejsze plamy i\/lub ciemniejszy kontur?<\/li>\n<li>Jak dopigmentowywa\u0107 za ciep\u0142e lub za zimne wygojenia?<\/li>\n<li>Co zrobi\u0107 gdy jedna brew jest ja\u015bniejsza ni\u017c druga?<\/li>\n<li>Co zrobi\u0107, gdy brwi s\u0105 za ciemne?<\/li>\n<\/ul>\n<p>Podczas kursu om\u00f3wi\u0119 szczeg\u00f3\u0142owo ka\u017cde z pyta\u0144 oraz zaprezentuj\u0119 przyk\u0142ady i rozwi\u0105zania.<br \/>\nNagra\u0142am r\u00f3wnie\u017c dla Ciebie film z jednego z moich dopigmentowa\u0144. Wybra\u0142am takie dopigmentowanie, aby\u015b dodatkowo mog\u0142a zobaczy\u0107 moj\u0105 technik\u0119 pracy.<\/p>\n","protected":false},"excerpt":{"rendered":"<p><span style=\"color: white;\">Czy je\u017celi my\u015blisz o dopigmentowaniu brwi to czujesz niepok\u00f3j ? Masz zwi\u0105zane z tym zagadnieniem pytania pozostaj\u0105ce bez odpowiedzi i wykonujesz zabieg \u201ena czuja\u201d? Je\u017celi tak, to stworzy\u0142am dla Ciebie szkolenie, kt\u00f3re rozwieje Twoje wszelkie w\u0105tpliwo\u015bci i odpowie na najcz\u0119\u015bciej pojawiaj\u0105ce si\u0119 pytania.<\/span><\/p>\n","protected":false},"featured_media":1150,"template":"","meta":{"_gspb_post_css":""},"store":[],"product_cat":[15],"product_tag":[],"_links":{"self":[{"href":"https:\/\/edumrm.com\/pl\/wp-json\/wp\/v2\/product\/559"}],"collection":[{"href":"https:\/\/edumrm.com\/pl\/wp-json\/wp\/v2\/product"}],"about":[{"href":"https:\/\/edumrm.com\/pl\/wp-json\/wp\/v2\/types\/product"}],"wp:featuredmedia":[{"embeddable":true,"href":"https:\/\/edumrm.com\/pl\/wp-json\/wp\/v2\/media\/1150"}],"wp:attachment":[{"href":"https:\/\/edumrm.com\/pl\/wp-json\/wp\/v2\/media?parent=559"}],"wp:term":[{"taxonomy":"store","embeddable":true,"href":"https:\/\/edumrm.com\/pl\/wp-json\/wp\/v2\/store?post=559"},{"taxonomy":"product_cat","embeddable":true,"href":"https:\/\/edumrm.com\/pl\/wp-json\/wp\/v2\/product_cat?post=559"},{"taxonomy":"product_tag","embeddable":true,"href":"https:\/\/edumrm.com\/pl\/wp-json\/wp\/v2\/product_tag?post=559"}],"curies":[{"name":"wp","href":"https:\/\/api.w.org\/{rel}","templated":true}]}}