{"id":1237,"date":"2022-10-05T13:13:10","date_gmt":"2022-10-05T11:13:10","guid":{"rendered":"https:\/\/edumrm.com\/pl\/?post_type=product&#038;p=1237"},"modified":"2022-11-29T00:10:27","modified_gmt":"2022-11-28T23:10:27","slug":"pre-training","status":"publish","type":"product","link":"https:\/\/edumrm.com\/pl\/produkt\/pre-training\/","title":{"rendered":"Pre training"},"content":{"rendered":"<p>Szkolenie e-learningowe z przygotowania do szkolenia basic z makija\u017cu permanentnego skierowane jest do os\u00f3b:<\/p>\n<ul>\n<li>pocz\u0105tkuj\u0105cych, chc\u0105cych dobrze przygotowa\u0107 si\u0119 do szkolenia z makija\u017cu permanentnego brwi<\/li>\n<li>pocz\u0105tkuj\u0105cych, po szkoleniu podstawowym by doszkoli\u0107 sw\u00f3j warsztat<\/li>\n<li>\u015brednio zaawansowanych, by doszkoli\u0107 sw\u00f3j warsztat.<\/li>\n<\/ul>\n<p>Szkolenie zawiera:<br \/>\nCz\u0119\u015b\u0107 teoretyczn\u0105 i praktyczn\u0105<\/p>\n<p>Plan szkolenia<\/p>\n<ul>\n<li>Powitanie<\/li>\n<li>Najwa\u017cniejsze zasady kszta\u0142tu brwi tzn. \u015bwi\u0119to\u015bci brwi<\/li>\n<li>Rysunek wst\u0119pny wyznaczany nici\u0105 (pokaz na modelce)<\/li>\n<li>Praca p\u0119dzlem podczas rysunku wst\u0119pnego (pokaz na lalce treningowej)<\/li>\n<li>Poprawne u\u0142o\u017cenie d\u0142oni, r\u0119ki podczas pracy maszyn\u0105<\/li>\n<li>Ruchy podstawowe wykonywane o\u0142\u00f3wkiem na materia\u0142ach szkoleniowych (\u0107wiczenia)<\/li>\n<li>Ruchy podstawowe wykonywane maszyn\u0105 na specjalnych sk\u00f3rkach treningowych (\u0107wiczenia)<\/li>\n<li>Opis narz\u0119dzi u\u017cywanych podczas zabiegu<\/li>\n<\/ul>\n","protected":false},"excerpt":{"rendered":"<p>Szkolenie e-learningowe z przygotowania do szkolenia basic z makija\u017cu permanentnego skierowane jest do os\u00f3b: pocz\u0105tkuj\u0105cych, chc\u0105cych dobrze przygotowa\u0107 si\u0119 do szkolenia z makija\u017cu permanentnego brwi pocz\u0105tkuj\u0105cych, po szkoleniu podstawowym by doszkoli\u0107 sw\u00f3j warsztat \u015brednio zaawansowanych, by doszkoli\u0107 sw\u00f3j warsztat. Szkolenie zawiera: Cz\u0119\u015b\u0107 teoretyczn\u0105 i praktyczn\u0105 Plan szkolenia Powitanie Najwa\u017cniejsze zasady kszta\u0142tu brwi tzn. \u015bwi\u0119to\u015bci brwi [&hellip;]<\/p>\n","protected":false},"featured_media":1238,"template":"","meta":{"_gspb_post_css":""},"store":[],"product_cat":[15],"product_tag":[],"_links":{"self":[{"href":"https:\/\/edumrm.com\/pl\/wp-json\/wp\/v2\/product\/1237"}],"collection":[{"href":"https:\/\/edumrm.com\/pl\/wp-json\/wp\/v2\/product"}],"about":[{"href":"https:\/\/edumrm.com\/pl\/wp-json\/wp\/v2\/types\/product"}],"wp:featuredmedia":[{"embeddable":true,"href":"https:\/\/edumrm.com\/pl\/wp-json\/wp\/v2\/media\/1238"}],"wp:attachment":[{"href":"https:\/\/edumrm.com\/pl\/wp-json\/wp\/v2\/media?parent=1237"}],"wp:term":[{"taxonomy":"store","embeddable":true,"href":"https:\/\/edumrm.com\/pl\/wp-json\/wp\/v2\/store?post=1237"},{"taxonomy":"product_cat","embeddable":true,"href":"https:\/\/edumrm.com\/pl\/wp-json\/wp\/v2\/product_cat?post=1237"},{"taxonomy":"product_tag","embeddable":true,"href":"https:\/\/edumrm.com\/pl\/wp-json\/wp\/v2\/product_tag?post=1237"}],"curies":[{"name":"wp","href":"https:\/\/api.w.org\/{rel}","templated":true}]}}