{"id":1193,"date":"2022-07-30T13:45:26","date_gmt":"2022-07-30T11:45:26","guid":{"rendered":"https:\/\/edumrm.com\/pl\/?post_type=product&#038;p=1193"},"modified":"2022-11-29T00:10:27","modified_gmt":"2022-11-28T23:10:27","slug":"rysunek-brwi","status":"publish","type":"product","link":"https:\/\/edumrm.com\/pl\/produkt\/rysunek-brwi\/","title":{"rendered":"Rysunek brwi"},"content":{"rendered":"<p>Szkolenie e-learningowe z rysunku brwi skierowane jest do os\u00f3b:<\/p>\n<ul>\n<li>pocz\u0105tkuj\u0105cych, chc\u0105cych przygotowa\u0107 si\u0119 do nowego zawodu:<\/li>\n<li>\u015brednio zaawansowanych, by poprawi\u0107 sw\u00f3j warsztat;<\/li>\n<li>zaawansowanych, instruktor\u00f3w chc\u0105cych pog\u0142\u0119bi\u0107 swoj\u0105 wiedz\u0119 o nowe techniki.<\/li>\n<\/ul>\n<p>Czyli jest to szkolenie dla ka\u017cdego, kto chce by\u0107 perfekcyjny podczas stylizacji i pigmentacji brwi.<\/p>\n<p>Szkolenie zawiera:<\/p>\n<ul>\n<li>g\u0142\u00f3wne zasady wyznaczania kszta\u0142tu brwi, nazewnictwo;<\/li>\n<li>pokaz najcz\u0119\u015bciej pope\u0142nianych b\u0142\u0119d\u00f3w;<\/li>\n<li>a\u017c 3 rysunki o r\u00f3\u017cnym stopniu trudno\u015bci;<\/li>\n<li>\u0107wiczenia pomocnicze;<\/li>\n<li>du\u017co zbli\u017ce\u0144 makro, kt\u00f3re pozwol\u0105 dostrzec ka\u017cdy najmniejszy nawet szczeg\u00f3\u0142.<\/li>\n<\/ul>\n<p>Plan szkolenia:<\/p>\n<ul>\n<li>Powitanie<\/li>\n<li>Nazewnictwo<\/li>\n<li>G\u0142\u00f3wne zasady poprawnego rysunku<\/li>\n<li>B\u0142\u0119dy pope\u0142niane podczas rysunku brwi<\/li>\n<li>Rysunek pierwszy &#8211; film instrukta\u017cowy plus grafika<\/li>\n<li>\u0106wiczenie na lalce &#8211; techniki pracy kredk\u0105 pudrow\u0105<\/li>\n<li>Rysunek drugi &#8211; film instrukta\u017cowy plus grafika<\/li>\n<li>Rysunek trzeci &#8211; film instrukta\u017cowy plus grafika<\/li>\n<li>\u0106wiczenie rysunku na kartce ze zdj\u0119ciem modelki.<\/li>\n<\/ul>\n","protected":false},"excerpt":{"rendered":"<p><span style=\"color: white;\">Rysunek jest najwa\u017cniejszym etapem ka\u017cdego zabiegu i gdy wykonasz go perfekcyjnie, to ka\u017cdy kolejny krok b\u0119dzie przyjemno\u015bci\u0105.<\/span><\/p>\n","protected":false},"featured_media":1047,"template":"","meta":{"_gspb_post_css":""},"store":[],"product_cat":[15],"product_tag":[],"_links":{"self":[{"href":"https:\/\/edumrm.com\/pl\/wp-json\/wp\/v2\/product\/1193"}],"collection":[{"href":"https:\/\/edumrm.com\/pl\/wp-json\/wp\/v2\/product"}],"about":[{"href":"https:\/\/edumrm.com\/pl\/wp-json\/wp\/v2\/types\/product"}],"wp:featuredmedia":[{"embeddable":true,"href":"https:\/\/edumrm.com\/pl\/wp-json\/wp\/v2\/media\/1047"}],"wp:attachment":[{"href":"https:\/\/edumrm.com\/pl\/wp-json\/wp\/v2\/media?parent=1193"}],"wp:term":[{"taxonomy":"store","embeddable":true,"href":"https:\/\/edumrm.com\/pl\/wp-json\/wp\/v2\/store?post=1193"},{"taxonomy":"product_cat","embeddable":true,"href":"https:\/\/edumrm.com\/pl\/wp-json\/wp\/v2\/product_cat?post=1193"},{"taxonomy":"product_tag","embeddable":true,"href":"https:\/\/edumrm.com\/pl\/wp-json\/wp\/v2\/product_tag?post=1193"}],"curies":[{"name":"wp","href":"https:\/\/api.w.org\/{rel}","templated":true}]}}