{"id":603,"date":"2022-06-21T13:46:55","date_gmt":"2022-06-21T11:46:55","guid":{"rendered":"https:\/\/edumrm.com\/pl\/?page_id=603"},"modified":"2022-06-27T14:56:27","modified_gmt":"2022-06-27T12:56:27","slug":"o-nas","status":"publish","type":"page","link":"https:\/\/edumrm.com\/pl\/o-nas\/","title":{"rendered":"O nas"},"content":{"rendered":"\t\t<div data-elementor-type=\"wp-page\" data-elementor-id=\"603\" class=\"elementor elementor-603\">\n\t\t\t\t\t\t\t\t\t<section class=\"elementor-section elementor-top-section elementor-element elementor-element-707f63e0 elementor-section-boxed elementor-section-height-default elementor-section-height-default\" data-id=\"707f63e0\" data-element_type=\"section\" data-settings=\"{&quot;background_background&quot;:&quot;gradient&quot;}\">\n\t\t\t\t\t\t<div class=\"elementor-container elementor-column-gap-default\">\n\t\t\t\t\t<div class=\"elementor-column elementor-col-50 elementor-top-column elementor-element elementor-element-4333c458\" data-id=\"4333c458\" data-element_type=\"column\">\n\t\t\t<div class=\"elementor-widget-wrap elementor-element-populated\">\n\t\t\t\t\t\t\t\t<div class=\"elementor-element elementor-element-4fe35e32 elementor-widget elementor-widget-heading\" data-id=\"4fe35e32\" data-element_type=\"widget\" data-widget_type=\"heading.default\">\n\t\t\t\t<div class=\"elementor-widget-container\">\n\t\t\t<style>\/*! elementor - v3.6.5 - 27-04-2022 *\/\n.elementor-heading-title{padding:0;margin:0;line-height:1}.elementor-widget-heading .elementor-heading-title[class*=elementor-size-]>a{color:inherit;font-size:inherit;line-height:inherit}.elementor-widget-heading .elementor-heading-title.elementor-size-small{font-size:15px}.elementor-widget-heading .elementor-heading-title.elementor-size-medium{font-size:19px}.elementor-widget-heading .elementor-heading-title.elementor-size-large{font-size:29px}.elementor-widget-heading .elementor-heading-title.elementor-size-xl{font-size:39px}.elementor-widget-heading .elementor-heading-title.elementor-size-xxl{font-size:59px}<\/style><div data-from=\"yes\" data-triggertype=\"custom\" data-y=\"15\" data-o=\"1\" data-text=\"lines\" data-duration=\"1\" class=\"rh-gsap-wrap prehidden\"><h2 class=\"elementor-heading-title elementor-size-default\">O nas<\/h2><\/div>\t\t<\/div>\n\t\t\t\t<\/div>\n\t\t\t\t<div class=\"elementor-element elementor-element-3600ebe2 elementor-widget elementor-widget-heading\" data-id=\"3600ebe2\" data-element_type=\"widget\" data-widget_type=\"heading.default\">\n\t\t\t\t<div class=\"elementor-widget-container\">\n\t\t\t<div data-from=\"yes\" data-triggertype=\"custom\" data-y=\"15\" data-o=\"1\" data-text=\"lines\" data-duration=\"1\" class=\"rh-gsap-wrap prehidden\"><div class=\"elementor-heading-title elementor-size-default\">EDU MRM to grupa praktyk\u00f3w, kt\u00f3rych misj\u0105 jest poprawa dost\u0119pu do trudno osi\u0105galnej wiedzy, przek\u0142adaj\u0105cej si\u0119 na wzrost kompetencji oraz zwi\u0119kszenie jako\u015bci \u017cycia.<\/div><\/div>\t\t<\/div>\n\t\t\t\t<\/div>\n\t\t\t\t<div class=\"elementor-element elementor-element-1235479d elementor-widget elementor-widget-image\" data-id=\"1235479d\" data-element_type=\"widget\" data-widget_type=\"image.default\">\n\t\t\t\t<div class=\"elementor-widget-container\">\n\t\t\t<style>\/*! elementor - v3.6.5 - 27-04-2022 *\/\n.elementor-widget-image{text-align:center}.elementor-widget-image a{display:inline-block}.elementor-widget-image a img[src$=\".svg\"]{width:48px}.elementor-widget-image img{vertical-align:middle;display:inline-block}<\/style>\t\t\t\t\t\t\t\t\t\t\t\t<img decoding=\"async\" width=\"437\" height=\"342\" src=\"https:\/\/edumrm.com\/pl\/wp-content\/themes\/rehub-theme\/images\/default\/blank.gif\" data-src=\"https:\/\/edumrm.com\/pl\/wp-content\/uploads\/2022\/06\/o-nas.jpg\" class=\"lazyload attachment-full size-full\" alt=\"\" loading=\"lazy\" srcset=\"https:\/\/edumrm.com\/pl\/wp-content\/uploads\/2022\/06\/o-nas.jpg 437w, https:\/\/edumrm.com\/pl\/wp-content\/uploads\/2022\/06\/o-nas-300x235.jpg 300w, https:\/\/edumrm.com\/pl\/wp-content\/uploads\/2022\/06\/o-nas-1024x801.jpg 1024w, https:\/\/edumrm.com\/pl\/wp-content\/uploads\/2022\/06\/o-nas-768x601.jpg 768w, https:\/\/edumrm.com\/pl\/wp-content\/uploads\/2022\/06\/o-nas-1536x1202.jpg 1536w, https:\/\/edumrm.com\/pl\/wp-content\/uploads\/2022\/06\/o-nas-2048x1603.jpg 2048w, https:\/\/edumrm.com\/pl\/wp-content\/uploads\/2022\/06\/o-nas-192x150.jpg 192w, https:\/\/edumrm.com\/pl\/wp-content\/uploads\/2022\/06\/o-nas-100x78.jpg 100w, https:\/\/edumrm.com\/pl\/wp-content\/uploads\/2022\/06\/o-nas-447x350.jpg 447w, https:\/\/edumrm.com\/pl\/wp-content\/uploads\/2022\/06\/o-nas-788x616.jpg 788w, https:\/\/edumrm.com\/pl\/wp-content\/uploads\/2022\/06\/o-nas-599x469.jpg 599w\" sizes=\"(max-width: 437px) 100vw, 437px\" \/>\t\t\t\t\t\t\t\t\t\t\t\t\t\t\t<\/div>\n\t\t\t\t<\/div>\n\t\t\t\t\t<\/div>\n\t\t<\/div>\n\t\t\t\t<div class=\"elementor-column elementor-col-50 elementor-top-column elementor-element elementor-element-6a6f1db0\" data-id=\"6a6f1db0\" data-element_type=\"column\">\n\t\t\t<div class=\"elementor-widget-wrap elementor-element-populated\">\n\t\t\t\t\t\t\t\t<section class=\"elementor-section elementor-inner-section elementor-element elementor-element-5da850d3 animated-fast elementor-section-boxed elementor-section-height-default elementor-section-height-default elementor-invisible\" data-id=\"5da850d3\" data-element_type=\"section\" data-settings=\"{&quot;animation&quot;:&quot;stuckMoveUpOpacity&quot;}\">\n\t\t\t\t\t\t<div class=\"elementor-container elementor-column-gap-default\">\n\t\t\t\t\t<div class=\"elementor-column elementor-col-50 elementor-inner-column elementor-element elementor-element-9568f34\" data-id=\"9568f34\" data-element_type=\"column\">\n\t\t\t<div class=\"elementor-widget-wrap elementor-element-populated\">\n\t\t\t\t\t\t\t\t<div class=\"elementor-element elementor-element-6c9eb161 elementor-widget__width-auto elementor-widget elementor-widget-wpsm-svgshape\" data-id=\"6c9eb161\" data-element_type=\"widget\" data-widget_type=\"wpsm-svgshape.default\">\n\t\t\t\t<div class=\"elementor-widget-container\">\n\t\t\t<div data-from=\"yes\" data-triggertype=\"custom\" data-svgdraw=\"yes\" data-duration=\"1\" class=\"rh-gsap-wrap\"> \r\n\r\n\r\n\t\t\t<svg class=\"rh-svg-shape\" stroke-width=\"4\" stroke=\"#75CA18\" fill=\"transparent\" viewBox=\"0 0 79 79\">\r\n\t\t\t\t\t\t\t\t                    <path d=\"M24.000,39.000 L36.000,49.000 L56.000,30.000 \"\/>\r\n                    <path d=\"M38.000,6.000 C55.673,6.000 70.000,20.327 70.000,38.000 C70.000,55.673 55.673,70.000 38.000,70.000 C20.327,70.000 6.000,55.673 6.000,38.000 C6.000,20.327 20.327,6.000 38.000,6.000 Z\"\/>\r\n                \t\t\t<\/svg>\r\n\t   \t<\/div>\t\t<\/div>\n\t\t\t\t<\/div>\n\t\t\t\t<div class=\"elementor-element elementor-element-3c6a0301 elementor-widget elementor-widget-spacer\" data-id=\"3c6a0301\" data-element_type=\"widget\" data-widget_type=\"spacer.default\">\n\t\t\t\t<div class=\"elementor-widget-container\">\n\t\t\t<style>\/*! elementor - v3.6.5 - 27-04-2022 *\/\n.e-container.e-container--row .elementor-spacer-inner{width:var(--spacer-size)}.e-container.e-container--column .elementor-spacer-inner,.elementor-column .elementor-spacer-inner{height:var(--spacer-size)}<\/style>\t\t<div class=\"elementor-spacer\">\n\t\t\t<div class=\"elementor-spacer-inner\"><\/div>\n\t\t<\/div>\n\t\t\t\t<\/div>\n\t\t\t\t<\/div>\n\t\t\t\t<div class=\"elementor-element elementor-element-2a3dc253 elementor-widget__width-auto elementor-widget elementor-widget-wpsm-svgshape\" data-id=\"2a3dc253\" data-element_type=\"widget\" data-widget_type=\"wpsm-svgshape.default\">\n\t\t\t\t<div class=\"elementor-widget-container\">\n\t\t\t<div data-from=\"yes\" data-triggertype=\"custom\" data-o=\"1\" data-svgdraw=\"yes\" data-duration=\"1\" class=\"rh-gsap-wrap prehidden\"> \r\n\r\n\r\n\t\t\t<svg class=\"rh-svg-shape\" stroke-width=\"2\" stroke=\"#75CA18\" fill=\"transparent\">\r\n\t\t\t\t\t\t\t\t\t\t\t\t\t<line x1=\"0\" y1=\"0\" y2=\"0\" x2=\"50\" \/>\r\n                \t\t\t<\/svg>\r\n\t   \t<\/div>\t\t<\/div>\n\t\t\t\t<\/div>\n\t\t\t\t\t<\/div>\n\t\t<\/div>\n\t\t\t\t<div class=\"elementor-column elementor-col-50 elementor-inner-column elementor-element elementor-element-790940d0\" data-id=\"790940d0\" data-element_type=\"column\">\n\t\t\t<div class=\"elementor-widget-wrap elementor-element-populated\">\n\t\t\t\t\t\t\t\t<div class=\"elementor-element elementor-element-723c1302 researchstagger elementor-widget elementor-widget-heading\" data-id=\"723c1302\" data-element_type=\"widget\" data-widget_type=\"heading.default\">\n\t\t\t\t<div class=\"elementor-widget-container\">\n\t\t\t<div class=\"elementor-heading-title elementor-size-default\">G\u0142\u00f3wny cel<\/div>\t\t<\/div>\n\t\t\t\t<\/div>\n\t\t\t\t<div class=\"elementor-element elementor-element-34e01fec researchstagger elementor-widget elementor-widget-heading\" data-id=\"34e01fec\" data-element_type=\"widget\" data-widget_type=\"heading.default\">\n\t\t\t\t<div class=\"elementor-widget-container\">\n\t\t\t<div class=\"elementor-heading-title elementor-size-default\">Naszym g\u0142\u00f3wnym celem jest dostarczanie profesjonalnie opracowanych szkole\u0144 mo\u017cliwie jak najszerszej grupie odbiorc\u00f3w.<\/div>\t\t<\/div>\n\t\t\t\t<\/div>\n\t\t\t\t\t<\/div>\n\t\t<\/div>\n\t\t\t\t\t\t\t<\/div>\n\t\t<\/section>\n\t\t\t\t<section class=\"elementor-section elementor-inner-section elementor-element elementor-element-1b24543 animated-fast elementor-section-boxed elementor-section-height-default elementor-section-height-default elementor-invisible\" data-id=\"1b24543\" data-element_type=\"section\" data-settings=\"{&quot;animation&quot;:&quot;stuckMoveUpOpacity&quot;}\">\n\t\t\t\t\t\t<div class=\"elementor-container elementor-column-gap-default\">\n\t\t\t\t\t<div class=\"elementor-column elementor-col-50 elementor-inner-column elementor-element elementor-element-2840a48a\" data-id=\"2840a48a\" data-element_type=\"column\">\n\t\t\t<div class=\"elementor-widget-wrap elementor-element-populated\">\n\t\t\t\t\t\t\t\t<div class=\"elementor-element elementor-element-486ae77d elementor-widget__width-auto elementor-widget elementor-widget-wpsm-svgshape\" data-id=\"486ae77d\" data-element_type=\"widget\" data-widget_type=\"wpsm-svgshape.default\">\n\t\t\t\t<div class=\"elementor-widget-container\">\n\t\t\t<div data-from=\"yes\" data-triggertype=\"custom\" data-svgdraw=\"yes\" data-duration=\"1\" class=\"rh-gsap-wrap\"> \r\n\r\n\r\n\t\t\t<svg class=\"rh-svg-shape\" stroke-width=\"4\" stroke=\"#75CA18\" fill=\"transparent\" viewBox=\"0 0 79 79\">\r\n\t\t\t\t\t\t\t\t                    <path d=\"M24.000,39.000 L36.000,49.000 L56.000,30.000 \"\/>\r\n                    <path d=\"M38.000,6.000 C55.673,6.000 70.000,20.327 70.000,38.000 C70.000,55.673 55.673,70.000 38.000,70.000 C20.327,70.000 6.000,55.673 6.000,38.000 C6.000,20.327 20.327,6.000 38.000,6.000 Z\"\/>\r\n                \t\t\t<\/svg>\r\n\t   \t<\/div>\t\t<\/div>\n\t\t\t\t<\/div>\n\t\t\t\t<div class=\"elementor-element elementor-element-1bb5d2c2 elementor-widget elementor-widget-spacer\" data-id=\"1bb5d2c2\" data-element_type=\"widget\" data-widget_type=\"spacer.default\">\n\t\t\t\t<div class=\"elementor-widget-container\">\n\t\t\t\t\t<div class=\"elementor-spacer\">\n\t\t\t<div class=\"elementor-spacer-inner\"><\/div>\n\t\t<\/div>\n\t\t\t\t<\/div>\n\t\t\t\t<\/div>\n\t\t\t\t<div class=\"elementor-element elementor-element-173b103b elementor-widget__width-auto elementor-widget elementor-widget-wpsm-svgshape\" data-id=\"173b103b\" data-element_type=\"widget\" data-widget_type=\"wpsm-svgshape.default\">\n\t\t\t\t<div class=\"elementor-widget-container\">\n\t\t\t<div data-from=\"yes\" data-triggertype=\"custom\" data-o=\"1\" data-svgdraw=\"yes\" data-duration=\"1\" class=\"rh-gsap-wrap prehidden\"> \r\n\r\n\r\n\t\t\t<svg class=\"rh-svg-shape\" stroke-width=\"2\" stroke=\"#75CA18\" fill=\"transparent\">\r\n\t\t\t\t\t\t\t\t\t\t\t\t\t<line x1=\"0\" y1=\"0\" y2=\"0\" x2=\"50\" \/>\r\n                \t\t\t<\/svg>\r\n\t   \t<\/div>\t\t<\/div>\n\t\t\t\t<\/div>\n\t\t\t\t\t<\/div>\n\t\t<\/div>\n\t\t\t\t<div class=\"elementor-column elementor-col-50 elementor-inner-column elementor-element elementor-element-6d63906c\" data-id=\"6d63906c\" data-element_type=\"column\">\n\t\t\t<div class=\"elementor-widget-wrap elementor-element-populated\">\n\t\t\t\t\t\t\t\t<div class=\"elementor-element elementor-element-5e11d1a8 researchstagger elementor-widget elementor-widget-heading\" data-id=\"5e11d1a8\" data-element_type=\"widget\" data-widget_type=\"heading.default\">\n\t\t\t\t<div class=\"elementor-widget-container\">\n\t\t\t<div class=\"elementor-heading-title elementor-size-default\">Autorzy<\/div>\t\t<\/div>\n\t\t\t\t<\/div>\n\t\t\t\t<div class=\"elementor-element elementor-element-75e25059 researchstagger elementor-widget elementor-widget-heading\" data-id=\"75e25059\" data-element_type=\"widget\" data-widget_type=\"heading.default\">\n\t\t\t\t<div class=\"elementor-widget-container\">\n\t\t\t<div class=\"elementor-heading-title elementor-size-default\">Autorami tre\u015bci merytorycznych do kurs\u00f3w s\u0105 osoby znane z wysokich kompetencji, umo\u017cliwiaj\u0105cych im zajmowanie pozycji niekwestionowanych lider\u00f3w w swojej bran\u017cy lub specjalist\u00f3w z dziedziny \u017cycia. <\/div>\t\t<\/div>\n\t\t\t\t<\/div>\n\t\t\t\t\t<\/div>\n\t\t<\/div>\n\t\t\t\t\t\t\t<\/div>\n\t\t<\/section>\n\t\t\t\t<section class=\"elementor-section elementor-inner-section elementor-element elementor-element-3b11df98 animated-fast elementor-section-boxed elementor-section-height-default elementor-section-height-default elementor-invisible\" data-id=\"3b11df98\" data-element_type=\"section\" data-settings=\"{&quot;animation&quot;:&quot;stuckMoveUpOpacity&quot;}\">\n\t\t\t\t\t\t<div class=\"elementor-container elementor-column-gap-default\">\n\t\t\t\t\t<div class=\"elementor-column elementor-col-50 elementor-inner-column elementor-element elementor-element-48eee63b\" data-id=\"48eee63b\" data-element_type=\"column\">\n\t\t\t<div class=\"elementor-widget-wrap elementor-element-populated\">\n\t\t\t\t\t\t\t\t<div class=\"elementor-element elementor-element-5f0a551 elementor-widget__width-auto elementor-widget elementor-widget-wpsm-svgshape\" data-id=\"5f0a551\" data-element_type=\"widget\" data-widget_type=\"wpsm-svgshape.default\">\n\t\t\t\t<div class=\"elementor-widget-container\">\n\t\t\t<div data-from=\"yes\" data-triggertype=\"custom\" data-svgdraw=\"yes\" data-duration=\"1\" class=\"rh-gsap-wrap\"> \r\n\r\n\r\n\t\t\t<svg class=\"rh-svg-shape\" stroke-width=\"4\" stroke=\"#75CA18\" fill=\"transparent\" viewBox=\"0 0 79 79\">\r\n\t\t\t\t\t\t\t\t                    <path d=\"M24.000,39.000 L36.000,49.000 L56.000,30.000 \"\/>\r\n                    <path d=\"M38.000,6.000 C55.673,6.000 70.000,20.327 70.000,38.000 C70.000,55.673 55.673,70.000 38.000,70.000 C20.327,70.000 6.000,55.673 6.000,38.000 C6.000,20.327 20.327,6.000 38.000,6.000 Z\"\/>\r\n                \t\t\t<\/svg>\r\n\t   \t<\/div>\t\t<\/div>\n\t\t\t\t<\/div>\n\t\t\t\t<div class=\"elementor-element elementor-element-7627a657 elementor-widget elementor-widget-spacer\" data-id=\"7627a657\" data-element_type=\"widget\" data-widget_type=\"spacer.default\">\n\t\t\t\t<div class=\"elementor-widget-container\">\n\t\t\t\t\t<div class=\"elementor-spacer\">\n\t\t\t<div class=\"elementor-spacer-inner\"><\/div>\n\t\t<\/div>\n\t\t\t\t<\/div>\n\t\t\t\t<\/div>\n\t\t\t\t<div class=\"elementor-element elementor-element-7b9c862b elementor-widget__width-auto elementor-widget elementor-widget-wpsm-svgshape\" data-id=\"7b9c862b\" data-element_type=\"widget\" data-widget_type=\"wpsm-svgshape.default\">\n\t\t\t\t<div class=\"elementor-widget-container\">\n\t\t\t<div data-from=\"yes\" data-triggertype=\"custom\" data-o=\"1\" data-svgdraw=\"yes\" data-duration=\"1\" class=\"rh-gsap-wrap prehidden\"> \r\n\r\n\r\n\t\t\t<svg class=\"rh-svg-shape\" stroke-width=\"2\" stroke=\"#75CA18\" fill=\"transparent\">\r\n\t\t\t\t\t\t\t\t\t\t\t\t\t<line x1=\"0\" y1=\"0\" y2=\"0\" x2=\"50\" \/>\r\n                \t\t\t<\/svg>\r\n\t   \t<\/div>\t\t<\/div>\n\t\t\t\t<\/div>\n\t\t\t\t\t<\/div>\n\t\t<\/div>\n\t\t\t\t<div class=\"elementor-column elementor-col-50 elementor-inner-column elementor-element elementor-element-2038aae5\" data-id=\"2038aae5\" data-element_type=\"column\">\n\t\t\t<div class=\"elementor-widget-wrap elementor-element-populated\">\n\t\t\t\t\t\t\t\t<div class=\"elementor-element elementor-element-406feb25 researchstagger elementor-widget elementor-widget-heading\" data-id=\"406feb25\" data-element_type=\"widget\" data-widget_type=\"heading.default\">\n\t\t\t\t<div class=\"elementor-widget-container\">\n\t\t\t<div class=\"elementor-heading-title elementor-size-default\">Wiedza i do\u015bwiadczenie<\/div>\t\t<\/div>\n\t\t\t\t<\/div>\n\t\t\t\t<div class=\"elementor-element elementor-element-5179fefb researchstagger elementor-widget elementor-widget-heading\" data-id=\"5179fefb\" data-element_type=\"widget\" data-widget_type=\"heading.default\">\n\t\t\t\t<div class=\"elementor-widget-container\">\n\t\t\t<div class=\"elementor-heading-title elementor-size-default\">Po\u0142\u0105czenie wiedzy i do\u015bwiadczenia naszych ekspert\u00f3w merytorycznych z posiadan\u0105 przez nas wiedz\u0105 technologiczn\u0105 jest gwarantem ich najwy\u017cszej jako\u015bci, kt\u00f3ra przek\u0142ada si\u0119 na zadowolenie klient\u00f3w, kt\u00f3rzy nam zaufali.<\/div>\t\t<\/div>\n\t\t\t\t<\/div>\n\t\t\t\t\t<\/div>\n\t\t<\/div>\n\t\t\t\t\t\t\t<\/div>\n\t\t<\/section>\n\t\t\t\t<section class=\"elementor-section elementor-inner-section elementor-element elementor-element-555a69db animated-fast elementor-section-boxed elementor-section-height-default elementor-section-height-default elementor-invisible\" data-id=\"555a69db\" data-element_type=\"section\" data-settings=\"{&quot;animation&quot;:&quot;stuckMoveUpOpacity&quot;}\">\n\t\t\t\t\t\t<div class=\"elementor-container elementor-column-gap-default\">\n\t\t\t\t\t<div class=\"elementor-column elementor-col-50 elementor-inner-column elementor-element elementor-element-72245c96\" data-id=\"72245c96\" data-element_type=\"column\">\n\t\t\t<div class=\"elementor-widget-wrap elementor-element-populated\">\n\t\t\t\t\t\t\t\t<div class=\"elementor-element elementor-element-7c2339fc elementor-widget__width-auto elementor-widget elementor-widget-wpsm-svgshape\" data-id=\"7c2339fc\" data-element_type=\"widget\" data-widget_type=\"wpsm-svgshape.default\">\n\t\t\t\t<div class=\"elementor-widget-container\">\n\t\t\t<div data-from=\"yes\" data-triggertype=\"custom\" data-svgdraw=\"yes\" data-duration=\"1\" class=\"rh-gsap-wrap\"> \r\n\r\n\r\n\t\t\t<svg class=\"rh-svg-shape\" stroke-width=\"4\" stroke=\"#75CA18\" fill=\"transparent\" viewBox=\"0 0 79 79\">\r\n\t\t\t\t\t\t\t\t                    <path d=\"M24.000,39.000 L36.000,49.000 L56.000,30.000 \"\/>\r\n                    <path d=\"M38.000,6.000 C55.673,6.000 70.000,20.327 70.000,38.000 C70.000,55.673 55.673,70.000 38.000,70.000 C20.327,70.000 6.000,55.673 6.000,38.000 C6.000,20.327 20.327,6.000 38.000,6.000 Z\"\/>\r\n                \t\t\t<\/svg>\r\n\t   \t<\/div>\t\t<\/div>\n\t\t\t\t<\/div>\n\t\t\t\t\t<\/div>\n\t\t<\/div>\n\t\t\t\t<div class=\"elementor-column elementor-col-50 elementor-inner-column elementor-element elementor-element-19952806\" data-id=\"19952806\" data-element_type=\"column\">\n\t\t\t<div class=\"elementor-widget-wrap elementor-element-populated\">\n\t\t\t\t\t\t\t\t<div class=\"elementor-element elementor-element-400bc398 researchstagger elementor-widget elementor-widget-heading\" data-id=\"400bc398\" data-element_type=\"widget\" data-widget_type=\"heading.default\">\n\t\t\t\t<div class=\"elementor-widget-container\">\n\t\t\t<div class=\"elementor-heading-title elementor-size-default\">Wsparcie autor\u00f3w<\/div>\t\t<\/div>\n\t\t\t\t<\/div>\n\t\t\t\t<div class=\"elementor-element elementor-element-72bd6b36 researchstagger elementor-widget elementor-widget-heading\" data-id=\"72bd6b36\" data-element_type=\"widget\" data-widget_type=\"heading.default\">\n\t\t\t\t<div class=\"elementor-widget-container\">\n\t\t\t<div class=\"elementor-heading-title elementor-size-default\">EDU MRM chce jednocze\u015bnie wspiera\u0107 innych autor\u00f3w kurs\u00f3w, kt\u00f3rzy nie posiadaj\u0105 wsparcia technologicznego, a chcieliby zaistnie\u0107 w obszarze e-learningu. W naszej organizacji wiemy, \u017ce umiej\u0119tno\u015b\u0107 wsp\u00f3\u0142pracy i wzajemne wsparcie stanowi o jej sile, dlatego darzymy naszych partner\u00f3w szacunkiem i stawiamy na partnerskie relacje. <\/div>\t\t<\/div>\n\t\t\t\t<\/div>\n\t\t\t\t\t<\/div>\n\t\t<\/div>\n\t\t\t\t\t\t\t<\/div>\n\t\t<\/section>\n\t\t\t\t\t<\/div>\n\t\t<\/div>\n\t\t\t\t\t\t\t<\/div>\n\t\t<\/section>\n\t\t\t\t\t\t\t<\/div>\n\t\t","protected":false},"excerpt":{"rendered":"<p>O nas EDU MRM to grupa praktyk\u00f3w, kt\u00f3rych misj\u0105 jest poprawa dost\u0119pu do trudno osi\u0105galnej wiedzy, przek\u0142adaj\u0105cej si\u0119 na wzrost kompetencji oraz zwi\u0119kszenie jako\u015bci \u017cycia. G\u0142\u00f3wny cel Naszym g\u0142\u00f3wnym celem jest dostarczanie profesjonalnie opracowanych szkole\u0144 mo\u017cliwie jak najszerszej grupie odbiorc\u00f3w. Autorzy Autorami tre\u015bci merytorycznych do kurs\u00f3w s\u0105 osoby znane z wysokich kompetencji, umo\u017cliwiaj\u0105cych im zajmowanie [&hellip;]<\/p>\n","protected":false},"author":3,"featured_media":0,"parent":0,"menu_order":0,"comment_status":"closed","ping_status":"closed","template":"elementor_header_footer","meta":{"_gspb_post_css":""},"_links":{"self":[{"href":"https:\/\/edumrm.com\/pl\/wp-json\/wp\/v2\/pages\/603"}],"collection":[{"href":"https:\/\/edumrm.com\/pl\/wp-json\/wp\/v2\/pages"}],"about":[{"href":"https:\/\/edumrm.com\/pl\/wp-json\/wp\/v2\/types\/page"}],"author":[{"embeddable":true,"href":"https:\/\/edumrm.com\/pl\/wp-json\/wp\/v2\/users\/3"}],"replies":[{"embeddable":true,"href":"https:\/\/edumrm.com\/pl\/wp-json\/wp\/v2\/comments?post=603"}],"version-history":[{"count":60,"href":"https:\/\/edumrm.com\/pl\/wp-json\/wp\/v2\/pages\/603\/revisions"}],"predecessor-version":[{"id":1138,"href":"https:\/\/edumrm.com\/pl\/wp-json\/wp\/v2\/pages\/603\/revisions\/1138"}],"wp:attachment":[{"href":"https:\/\/edumrm.com\/pl\/wp-json\/wp\/v2\/media?parent=603"}],"curies":[{"name":"wp","href":"https:\/\/api.w.org\/{rel}","templated":true}]}}