{"id":3,"date":"2022-05-29T11:23:48","date_gmt":"2022-05-29T09:23:48","guid":{"rendered":"https:\/\/edumrm.com\/pl\/?page_id=3"},"modified":"2022-06-30T11:47:19","modified_gmt":"2022-06-30T09:47:19","slug":"polityka-prywatnosci","status":"publish","type":"page","link":"https:\/\/edumrm.com\/pl\/polityka-prywatnosci\/","title":{"rendered":"Polityka prywatno\u015bci"},"content":{"rendered":"\t\t<div data-elementor-type=\"wp-page\" data-elementor-id=\"3\" class=\"elementor elementor-3\">\n\t\t\t\t\t\t\t\t\t<section class=\"elementor-section elementor-top-section elementor-element elementor-element-a928890 elementor-section-boxed elementor-section-height-default elementor-section-height-default\" data-id=\"a928890\" data-element_type=\"section\">\n\t\t\t\t\t\t<div class=\"elementor-container elementor-column-gap-default\">\n\t\t\t\t\t<div class=\"elementor-column elementor-col-100 elementor-top-column elementor-element elementor-element-63366ac\" data-id=\"63366ac\" data-element_type=\"column\">\n\t\t\t<div class=\"elementor-widget-wrap elementor-element-populated\">\n\t\t\t\t\t\t\t\t<div class=\"elementor-element elementor-element-fce0604 elementor-widget elementor-widget-heading\" data-id=\"fce0604\" data-element_type=\"widget\" data-widget_type=\"heading.default\">\n\t\t\t\t<div class=\"elementor-widget-container\">\n\t\t\t<style>\/*! elementor - v3.6.5 - 27-04-2022 *\/\n.elementor-heading-title{padding:0;margin:0;line-height:1}.elementor-widget-heading .elementor-heading-title[class*=elementor-size-]>a{color:inherit;font-size:inherit;line-height:inherit}.elementor-widget-heading .elementor-heading-title.elementor-size-small{font-size:15px}.elementor-widget-heading .elementor-heading-title.elementor-size-medium{font-size:19px}.elementor-widget-heading .elementor-heading-title.elementor-size-large{font-size:29px}.elementor-widget-heading .elementor-heading-title.elementor-size-xl{font-size:39px}.elementor-widget-heading .elementor-heading-title.elementor-size-xxl{font-size:59px}<\/style><h2 class=\"elementor-heading-title elementor-size-default\">Polityka prywatno\u015bci<\/h2>\t\t<\/div>\n\t\t\t\t<\/div>\n\t\t\t\t\t<\/div>\n\t\t<\/div>\n\t\t\t\t\t\t\t<\/div>\n\t\t<\/section>\n\t\t\t\t<section class=\"elementor-section elementor-top-section elementor-element elementor-element-20842453 elementor-section-boxed elementor-section-height-default elementor-section-height-default\" data-id=\"20842453\" data-element_type=\"section\">\n\t\t\t\t\t\t<div class=\"elementor-container elementor-column-gap-default\">\n\t\t\t\t\t<div class=\"elementor-column elementor-col-100 elementor-top-column elementor-element elementor-element-5dd88169\" data-id=\"5dd88169\" data-element_type=\"column\">\n\t\t\t<div class=\"elementor-widget-wrap elementor-element-populated\">\n\t\t\t\t\t\t\t\t<div class=\"elementor-element elementor-element-304f8f29 elementor-widget elementor-widget-text-editor\" data-id=\"304f8f29\" data-element_type=\"widget\" data-widget_type=\"text-editor.default\">\n\t\t\t\t<div class=\"elementor-widget-container\">\n\t\t\t<style>\/*! elementor - v3.6.5 - 27-04-2022 *\/\n.elementor-widget-text-editor.elementor-drop-cap-view-stacked .elementor-drop-cap{background-color:#818a91;color:#fff}.elementor-widget-text-editor.elementor-drop-cap-view-framed .elementor-drop-cap{color:#818a91;border:3px solid;background-color:transparent}.elementor-widget-text-editor:not(.elementor-drop-cap-view-default) .elementor-drop-cap{margin-top:8px}.elementor-widget-text-editor:not(.elementor-drop-cap-view-default) .elementor-drop-cap-letter{width:1em;height:1em}.elementor-widget-text-editor .elementor-drop-cap{float:left;text-align:center;line-height:1;font-size:50px}.elementor-widget-text-editor .elementor-drop-cap-letter{display:inline-block}<\/style>\t\t\t\t<!-- wp:heading -->\n<h3>Ochrona danych osobowych<\/h3>\n<!-- \/wp:heading --><!-- wp:paragraph -->\n<ol>\n<li>W zwi\u0105zku z prowadzeniem Sklepu Internetowego, Administrator przetwarza dane osobowe swoich Klient\u00f3w. Dane osobowe Klienta obejmuj\u0105 wszelkie informacje udost\u0119pnione Administratorowi przez Klienta w celu zawarcia i realizacji Umowy oraz za\u0142o\u017cenia Konta, a w szczeg\u00f3lno\u015bci jego dane identyfikacyjne, kontaktowe, informacje dotycz\u0105ce prowadzonej dzia\u0142alno\u015bci.<\/li>\n<li>Sprzedawca przetwarza dane Klienta zgodnie z przepisami Rozporz\u0105dzenia Parlamentu Europejskiego i Rady (UE) 2016\/679 z dnia 27 kwietnia 2016 r. w sprawie ochrony os\u00f3b fizycznych w zwi\u0105zku z przetwarzaniem danych osobowych i w sprawie swobodnego przep\u0142ywu takich danych oraz uchylenia dyrektywy 95\/46\/WE (dalej jako: \u201eRODO\u201d).<\/li>\n<li>Sprzedawca jest administratorem danych Klienta i je przetwarza je w celu:\n<ul>\n<li>zawarcia i realizacji Umowy oraz obs\u0142ugi Klienta zgodnie z art. 6 ust. 1 lit. b RODO;<\/li>\n<li>prowadzenia rozlicze\u0144 finansowych z Klientem tytu\u0142em realizacji Umowy, a tak\u017ce ewentualnego dochodzenia roszcze\u0144 od Klienta w ramach prawnie uzasadnionego interesu administratora zgodnie z art. 6 ust. 1 lit. f RODO<\/li>\n<li>wykonywania obowi\u0105zk\u00f3w prawnych ci\u0105\u017c\u0105cych na Sprzedawcy wobec organ\u00f3w podatkowych na podstawie odr\u0119bnych przepis\u00f3w zgodnie z art. 6 ust 1 lit. c RODO;<\/li>\n<li>w celu realizacji dzia\u0142a\u0144 marketingowych w ramach prawnie uzasadnionego interesu administratora zgodnie z art. 6 ust. 1 lit. f RODO oraz zgodnie z o\u015bwiadczeniami woli Klienta dotycz\u0105cymi przetwarzania danych i komunikacji marketingowej okre\u015blonymi w RODO oraz w Ustawie o \u015bwiadczeniu us\u0142ug drog\u0105 elektroniczn\u0105 i Prawie Telekomunikacyjnym art. 6 ust. 1 lit. a RODO. Zgody udzielone Sprzedawcy w zakresie wy\u017cej wymienionej komunikacji marketingowej mog\u0105 by\u0107 wycofane przez Klienta w dowolnym czasie, bez wp\u0142ywu na zgodno\u015b\u0107 z prawem przetwarzania, kt\u00f3rego dokonano na podstawie zgody przed jej cofni\u0119ciem. W celu wycofania zgody nale\u017cy wys\u0142a\u0107 \u017c\u0105danie na adres e-mail podane w Danych Kontaktowych Sprzedawcy.<\/li>\n<\/ul>\n<\/li>\n<li>Odbiorcami danych Klienta mog\u0105 by\u0107 podmiot \u015bwiadcz\u0105ce us\u0142ugi utrzymania rozwi\u0105za\u0144 informatycznych, podmioty \u015bwiadcz\u0105ce us\u0142ugi marketingowe, podmioty zajmuj\u0105ce si\u0119 dochodzeniem nale\u017cno\u015bci i obrotem wierzytelno\u015bciami oraz ich pe\u0142nomocnicy. Ponadto dane Klienta mog\u0105 by\u0107 udost\u0119pnione na \u017c\u0105danie uprawnionych organ\u00f3w pa\u0144stwowych.<\/li>\n<li>Dane Klienta s\u0105 przetwarzane i przechowywane przez okres realizacji Umowy, a po jej wyga\u015bni\u0119ciu do ko\u0144ca roku kalendarzowego, w kt\u00f3rym wygasa Umowa, a nast\u0119pnie przez okres do 5 lat lub w przypadku wyst\u0105pienia roszcze\u0144 na tle realizacji Umowy do czasu ostatecznego ich wyga\u015bni\u0119cia b\u0105d\u017a rozstrzygni\u0119cia na drodze prawnej.<\/li>\n<li>Klient ma prawo \u017c\u0105dania od Sprzedaj\u0105cego dost\u0119pu do Danych, kt\u00f3re go dotycz\u0105, ich sprostowania, usuni\u0119cia lub ograniczenia przetwarzania oraz prawo do wniesienia sprzeciwu wobec przetwarzania, a tak\u017ce prawo do przenoszenia danych. W sprawie przetwarzania danych osobowych Klienci mog\u0105 si\u0119 kontaktowa\u0107 wykorzystuj\u0105c Dane Kontaktowe Sprzedaj\u0105cego. Klient ma prawo do wniesienia skargi do Prezesa Urz\u0119du Ochrony Danych Osobowych.<\/li>\n<li>Korzystanie z us\u0142ug \u015bwiadczonych drog\u0105 elektroniczn\u0105 mo\u017ce si\u0119 wi\u0105za\u0107 z zagro\u017ceniem pozyskania oraz modyfikowania danych Klient\u00f3w przez osoby nieuprawnione. Aby temu zapobiec, Klienci powinni stosowa\u0107 odpowiednie \u015brodki techniczne, kt\u00f3re zminimalizuj\u0105 wskazane wy\u017cej zagro\u017cenia, w szczeg\u00f3lno\u015bci programy antywirusowe, bezpieczn\u0105 skrzynk\u0119 poczty elektronicznej oraz inne chroni\u0105ce bezpiecze\u0144stwo korzystaj\u0105cych z publicznej sieci\u00a0Internet.<\/li>\n<li>Klient zobowi\u0105zany jest do ochrony danych dost\u0119powych do Konta Klienta.<\/li>\n<\/ol>\n<!-- \/wp:paragraph --><!-- wp:heading --><!-- \/wp:paragraph -->\t\t\t\t\t\t<\/div>\n\t\t\t\t<\/div>\n\t\t\t\t\t<\/div>\n\t\t<\/div>\n\t\t\t\t\t\t\t<\/div>\n\t\t<\/section>\n\t\t\t\t\t\t\t<\/div>\n\t\t","protected":false},"excerpt":{"rendered":"<p>Polityka prywatno\u015bci Ochrona danych osobowych W zwi\u0105zku z prowadzeniem Sklepu Internetowego, Administrator przetwarza dane osobowe swoich Klient\u00f3w. Dane osobowe Klienta obejmuj\u0105 wszelkie informacje udost\u0119pnione Administratorowi przez Klienta w celu zawarcia i realizacji Umowy oraz za\u0142o\u017cenia Konta, a w szczeg\u00f3lno\u015bci jego dane identyfikacyjne, kontaktowe, informacje dotycz\u0105ce prowadzonej dzia\u0142alno\u015bci. Sprzedawca przetwarza dane Klienta zgodnie z przepisami Rozporz\u0105dzenia [&hellip;]<\/p>\n","protected":false},"author":1,"featured_media":0,"parent":0,"menu_order":0,"comment_status":"closed","ping_status":"open","template":"elementor_header_footer","meta":{"_gspb_post_css":""},"_links":{"self":[{"href":"https:\/\/edumrm.com\/pl\/wp-json\/wp\/v2\/pages\/3"}],"collection":[{"href":"https:\/\/edumrm.com\/pl\/wp-json\/wp\/v2\/pages"}],"about":[{"href":"https:\/\/edumrm.com\/pl\/wp-json\/wp\/v2\/types\/page"}],"author":[{"embeddable":true,"href":"https:\/\/edumrm.com\/pl\/wp-json\/wp\/v2\/users\/1"}],"replies":[{"embeddable":true,"href":"https:\/\/edumrm.com\/pl\/wp-json\/wp\/v2\/comments?post=3"}],"version-history":[{"count":19,"href":"https:\/\/edumrm.com\/pl\/wp-json\/wp\/v2\/pages\/3\/revisions"}],"predecessor-version":[{"id":989,"href":"https:\/\/edumrm.com\/pl\/wp-json\/wp\/v2\/pages\/3\/revisions\/989"}],"wp:attachment":[{"href":"https:\/\/edumrm.com\/pl\/wp-json\/wp\/v2\/media?parent=3"}],"curies":[{"name":"wp","href":"https:\/\/api.w.org\/{rel}","templated":true}]}}